{"id":13182,"date":"2019-12-06T13:16:31","date_gmt":"2019-12-06T13:16:31","guid":{"rendered":"http:\/\/rmth.ch\/site\/?page_id=13182"},"modified":"2023-02-27T18:17:04","modified_gmt":"2023-02-27T18:17:04","slug":"rmth-brasil","status":"publish","type":"page","link":"https:\/\/rmth.ch\/site\/en\/rmth-brasil\/","title":{"rendered":"RMTH BRASIL"},"content":{"rendered":"","protected":true},"excerpt":{"rendered":"","protected":true},"author":1,"featured_media":0,"parent":0,"menu_order":0,"comment_status":"closed","ping_status":"closed","template":"","meta":[],"yoast_head":"<!-- This site is optimized with the Yoast SEO plugin v20.7 - https:\/\/yoast.com\/wordpress\/plugins\/seo\/ -->\n<title>RMTH BRASIL \u2022 Produtos e Servi\u00e7os \u2022 Brasil \u2022 Su\u00ed\u00e7a<\/title>\n<meta name=\"description\" content=\"RMTH Brasil Investimentos tem sede em Curitiba, Paran\u00e1, tem como objeto social o ramo de administra\u00e7\u00e3o, investimentos e participa\u00e7\u00e3o em outras sociedades...\" \/>\n<meta name=\"robots\" content=\"index, follow, max-snippet:-1, max-image-preview:large, max-video-preview:-1\" \/>\n<link rel=\"canonical\" href=\"https:\/\/rmth.ch\/site\/en\/rmth-brasil\/\" \/>\n<meta property=\"og:locale\" content=\"en_US\" \/>\n<meta property=\"og:type\" content=\"article\" \/>\n<meta property=\"og:title\" content=\"RMTH BRASIL \u2022 Produtos e Servi\u00e7os \u2022 Brasil \u2022 Su\u00ed\u00e7a\" \/>\n<meta property=\"og:description\" content=\"RMTH Brasil Investimentos tem sede em Curitiba, Paran\u00e1, tem como objeto social o ramo de administra\u00e7\u00e3o, investimentos e participa\u00e7\u00e3o em outras sociedades...\" \/>\n<meta property=\"og:url\" content=\"https:\/\/rmth.ch\/site\/en\/rmth-brasil\/\" \/>\n<meta property=\"og:site_name\" content=\"RMTH\" \/>\n<meta property=\"article:modified_time\" content=\"2023-02-27T18:17:04+00:00\" \/>\n<meta name=\"twitter:card\" content=\"summary_large_image\" \/>\n<meta name=\"twitter:label1\" content=\"Est. reading time\" \/>\n\t<meta name=\"twitter:data1\" content=\"2 minutes\" \/>\n<script type=\"application\/ld+json\" class=\"yoast-schema-graph\">{\"@context\":\"https:\/\/schema.org\",\"@graph\":[{\"@type\":\"WebPage\",\"@id\":\"https:\/\/rmth.ch\/site\/en\/rmth-brasil\/\",\"url\":\"https:\/\/rmth.ch\/site\/en\/rmth-brasil\/\",\"name\":\"RMTH BRASIL \u2022 Produtos e Servi\u00e7os \u2022 Brasil \u2022 Su\u00ed\u00e7a\",\"isPartOf\":{\"@id\":\"https:\/\/rmth.ch\/site\/#website\"},\"datePublished\":\"2019-12-06T13:16:31+00:00\",\"dateModified\":\"2023-02-27T18:17:04+00:00\",\"breadcrumb\":{\"@id\":\"https:\/\/rmth.ch\/site\/en\/rmth-brasil\/#breadcrumb\"},\"inLanguage\":\"en-US\"},{\"@type\":\"WebSite\",\"@id\":\"https:\/\/rmth.ch\/site\/#website\",\"url\":\"https:\/\/rmth.ch\/site\/\",\"name\":\"RMTH\",\"description\":\"Produtos e Servi\u00e7os \u2022 Brasil \u2022 Su\u00ed\u00e7a\",\"publisher\":{\"@id\":\"https:\/\/rmth.ch\/site\/#organization\"},\"potentialAction\":[{\"@type\":\"SearchAction\",\"target\":{\"@type\":\"EntryPoint\",\"urlTemplate\":\"https:\/\/rmth.ch\/site\/?s={search_term_string}\"},\"query-input\":\"required name=search_term_string\"}],\"inLanguage\":\"en-US\"},{\"@type\":\"Organization\",\"@id\":\"https:\/\/rmth.ch\/site\/#organization\",\"name\":\"RMTH\",\"url\":\"https:\/\/rmth.ch\/site\/\",\"logo\":{\"@type\":\"ImageObject\",\"inLanguage\":\"en-US\",\"@id\":\"https:\/\/rmth.ch\/site\/#\/schema\/logo\/image\/\",\"url\":\"https:\/\/rmth.ch\/site\/wp-content\/uploads\/2019\/11\/rmth-logo.png\",\"contentUrl\":\"https:\/\/rmth.ch\/site\/wp-content\/uploads\/2019\/11\/rmth-logo.png\",\"width\":280,\"height\":93,\"caption\":\"RMTH\"},\"image\":{\"@id\":\"https:\/\/rmth.ch\/site\/#\/schema\/logo\/image\/\"}}]}<\/script>\n<!-- \/ Yoast SEO plugin. -->","yoast_head_json":{"title":"RMTH BRASIL \u2022 Produtos e Servi\u00e7os \u2022 Brasil \u2022 Su\u00ed\u00e7a","description":"RMTH Brasil Investimentos tem sede em Curitiba, Paran\u00e1, tem como objeto social o ramo de administra\u00e7\u00e3o, investimentos e participa\u00e7\u00e3o em outras sociedades...","robots":{"index":"index","follow":"follow","max-snippet":"max-snippet:-1","max-image-preview":"max-image-preview:large","max-video-preview":"max-video-preview:-1"},"canonical":"https:\/\/rmth.ch\/site\/en\/rmth-brasil\/","og_locale":"en_US","og_type":"article","og_title":"RMTH BRASIL \u2022 Produtos e Servi\u00e7os \u2022 Brasil \u2022 Su\u00ed\u00e7a","og_description":"RMTH Brasil Investimentos tem sede em Curitiba, Paran\u00e1, tem como objeto social o ramo de administra\u00e7\u00e3o, investimentos e participa\u00e7\u00e3o em outras sociedades...","og_url":"https:\/\/rmth.ch\/site\/en\/rmth-brasil\/","og_site_name":"RMTH","article_modified_time":"2023-02-27T18:17:04+00:00","twitter_card":"summary_large_image","twitter_misc":{"Est. reading time":"2 minutes"},"schema":{"@context":"https:\/\/schema.org","@graph":[{"@type":"WebPage","@id":"https:\/\/rmth.ch\/site\/en\/rmth-brasil\/","url":"https:\/\/rmth.ch\/site\/en\/rmth-brasil\/","name":"RMTH BRASIL \u2022 Produtos e Servi\u00e7os \u2022 Brasil \u2022 Su\u00ed\u00e7a","isPartOf":{"@id":"https:\/\/rmth.ch\/site\/#website"},"datePublished":"2019-12-06T13:16:31+00:00","dateModified":"2023-02-27T18:17:04+00:00","breadcrumb":{"@id":"https:\/\/rmth.ch\/site\/en\/rmth-brasil\/#breadcrumb"},"inLanguage":"en-US"},{"@type":"WebSite","@id":"https:\/\/rmth.ch\/site\/#website","url":"https:\/\/rmth.ch\/site\/","name":"RMTH","description":"Produtos e Servi\u00e7os \u2022 Brasil \u2022 Su\u00ed\u00e7a","publisher":{"@id":"https:\/\/rmth.ch\/site\/#organization"},"potentialAction":[{"@type":"SearchAction","target":{"@type":"EntryPoint","urlTemplate":"https:\/\/rmth.ch\/site\/?s={search_term_string}"},"query-input":"required name=search_term_string"}],"inLanguage":"en-US"},{"@type":"Organization","@id":"https:\/\/rmth.ch\/site\/#organization","name":"RMTH","url":"https:\/\/rmth.ch\/site\/","logo":{"@type":"ImageObject","inLanguage":"en-US","@id":"https:\/\/rmth.ch\/site\/#\/schema\/logo\/image\/","url":"https:\/\/rmth.ch\/site\/wp-content\/uploads\/2019\/11\/rmth-logo.png","contentUrl":"https:\/\/rmth.ch\/site\/wp-content\/uploads\/2019\/11\/rmth-logo.png","width":280,"height":93,"caption":"RMTH"},"image":{"@id":"https:\/\/rmth.ch\/site\/#\/schema\/logo\/image\/"}}]}},"_links":{"self":[{"href":"https:\/\/rmth.ch\/site\/wp-json\/wp\/v2\/pages\/13182"}],"collection":[{"href":"https:\/\/rmth.ch\/site\/wp-json\/wp\/v2\/pages"}],"about":[{"href":"https:\/\/rmth.ch\/site\/wp-json\/wp\/v2\/types\/page"}],"author":[{"embeddable":true,"href":"https:\/\/rmth.ch\/site\/wp-json\/wp\/v2\/users\/1"}],"replies":[{"embeddable":true,"href":"https:\/\/rmth.ch\/site\/wp-json\/wp\/v2\/comments?post=13182"}],"version-history":[{"count":28,"href":"https:\/\/rmth.ch\/site\/wp-json\/wp\/v2\/pages\/13182\/revisions"}],"predecessor-version":[{"id":14086,"href":"https:\/\/rmth.ch\/site\/wp-json\/wp\/v2\/pages\/13182\/revisions\/14086"}],"wp:attachment":[{"href":"https:\/\/rmth.ch\/site\/wp-json\/wp\/v2\/media?parent=13182"}],"curies":[{"name":"wp","href":"https:\/\/api.w.org\/{rel}","templated":true}]}}