{"id":13240,"date":"2019-12-09T19:18:38","date_gmt":"2019-12-09T19:18:38","guid":{"rendered":"http:\/\/rmth.ch\/site\/?page_id=13240"},"modified":"2022-03-10T16:25:51","modified_gmt":"2022-03-10T16:25:51","slug":"edencoco","status":"publish","type":"page","link":"https:\/\/rmth.ch\/site\/rmth-import-export\/edencoco\/","title":{"rendered":"EDENCOCO"},"content":{"rendered":"<p>[vc_row column_spacing=&#8221;60&#8243; el_id=&#8221;first-row&#8221;][vc_column width=&#8221;1\/2&#8243;]\r\n\t<div class=\"startflow-spacer clearfix\" data-desktop=\"60\" data-mobi=\"60\" data-smobi=\"60\"><\/div><div class=\"startflow-single-heading clearfix \" style=\"margin-bottom:20px;\"><span class=\"inner\"><span class=\"heading clearfix  accent\" style=\"font-size:20px;\">\r\n\t\tEDENCOCO\r\n\t<\/span><\/span><\/div><div class=\"startflow-headings clearfix \"  style=\"\"><h2 class=\"heading clearfix \" style=\"margin-bottom:12px;\">\r\n\t\tO PRODUTO\r\n\t<\/h2><\/div>[vc_column_text]Edencoco \u00e9 um produto 100% original, diferente de todos os outros porque vai direto da \u00e1rvore para sua boca.<\/p>\n<p>\u00c9 pensando em voc\u00ea e no desenvolvimento sustent\u00e1vel que a Edencoco seleciona os melhores produtores das fazendas de coqueiros-an\u00f5es do Brasil.<\/p>\n<p>Do Estado da Bahia, onde se localizam as maiores fazendas de coco verde do pa\u00eds, o nosso fruto \u00e9 cultivado de acordo com os mais estritos par\u00e2metros de irriga\u00e7\u00e3o, manejo cultural e requisitos fitossanit\u00e1rios.<\/p>\n<p>\u00c9 garantia de qualidade e seguran\u00e7a para sua sa\u00fade.[\/vc_column_text]\r\n\t<div class=\"startflow-spacer clearfix\" data-desktop=\"40\" data-mobi=\"30\" data-smobi=\"30\"><\/div><div class=\"startflow-align-box text-left\"><div class=\"button-wrap icon-right\" style=\"\" ><a href=\"#orcamento\" target=\"_self\" class=\"startflow-button btn-1226314821 medium no_icon custom custom\" style=\"margin:0px 10px 0px 0px;font-weight:700;border-radius:3px;\"  data-background=\"#4ea249\" data-text=\"#ffffff\" data-text-hover=\"#ffffff\" data-background-hover=\"#341617\">\r\n\t\t<span style=\"\">SOLICITE OR\u00c7AMENTO <\/span>\r\n\t<\/a><\/div><\/div>\r\n\t<div class=\"startflow-spacer clearfix\" data-desktop=\"50\" data-mobi=\"50\" data-smobi=\"50\"><\/div>[\/vc_column][vc_column width=&#8221;1\/2&#8243;]\r\n\t<div class=\"startflow-spacer clearfix\" data-desktop=\"60\" data-mobi=\"60\" data-smobi=\"60\"><\/div>[vc_column_text]<img decoding=\"async\" loading=\"lazy\" src=\"http:\/\/rmth.ch\/site\/wp-content\/uploads\/2020\/01\/edencoco-foto-conceito.png\" alt=\"\" width=\"496\" height=\"500\" class=\"alignnone wp-image-13448 size-full\" srcset=\"https:\/\/rmth.ch\/site\/wp-content\/uploads\/2020\/01\/edencoco-foto-conceito.png 496w, https:\/\/rmth.ch\/site\/wp-content\/uploads\/2020\/01\/edencoco-foto-conceito-298x300.png 298w, https:\/\/rmth.ch\/site\/wp-content\/uploads\/2020\/01\/edencoco-foto-conceito-150x150.png 150w, https:\/\/rmth.ch\/site\/wp-content\/uploads\/2020\/01\/edencoco-foto-conceito-140x140.png 140w, https:\/\/rmth.ch\/site\/wp-content\/uploads\/2020\/01\/edencoco-foto-conceito-100x100.png 100w\" sizes=\"(max-width: 496px) 100vw, 496px\" \/>[\/vc_column_text]\r\n\t<div class=\"startflow-spacer clearfix\" data-desktop=\"60\" data-mobi=\"60\" data-smobi=\"60\"><\/div>[\/vc_column][\/vc_row][vc_row css=&#8221;.vc_custom_1575981164384{background-color: #f4f4f4 !important;}&#8221;][vc_column]\r\n\t<div class=\"startflow-spacer clearfix\" data-desktop=\"60\" data-mobi=\"60\" data-smobi=\"60\"><\/div><div class=\"startflow-single-heading clearfix text-center\" style=\"margin-bottom:20px;\"><span class=\"inner\"><span class=\"heading clearfix  accent\" style=\"font-size:20px;\">\r\n\t\tSistema de Abertura F\u00e1cil\r\n\t<\/span><\/span><\/div><div class=\"startflow-headings clearfix text-center\"  style=\"\"><h2 class=\"heading clearfix \" style=\"margin-bottom:12px;\">\r\n\t\tA praticidade da latinha com os benef\u00edcios da \u00e1gua de coco direto da fonte.\r\n\t<\/h2><\/div>[vc_column_text]<\/p>\n<p class=\"p1\" style=\"text-align: center;\">A grande inova\u00e7\u00e3o da Edencoco \u00e9 o sistema de abertura preciso, que permite o manejo do fruto em sua embalagem natural.<\/p>\n<p class=\"p1\" style=\"text-align: center;\">Gra\u00e7as a um processo de engenharia pioneiro, retira-se o m\u00e1ximo da casca verde do coco, mantendo-se ainda o envolt\u00f3rio da fibra protetora. Esta fibra \u00e9 perfurada para dar espa\u00e7o a uma abertura sim\u00e9trica, que rompe a casca, mas n\u00e3o a polpa.<\/p>\n<p class=\"p1\" style=\"text-align: center;\">Desse modo, \u00e9 poss\u00edvel preservar a \u00e1gua por um longo per\u00edodo de tempo, sem a necessidade da utiliza\u00e7\u00e3o de subst\u00e2ncias qu\u00edmicas para conserva\u00e7\u00e3o do produto.<\/p>\n<p class=\"p1\" style=\"text-align: center;\">Garantimos a praticidade da latinha s\u00f3 que sem os mesmos riscos \u00e0 sa\u00fade.<\/p>\n<p class=\"p1\" style=\"text-align: center;\">Com o aux\u00edlio do nosso canudinho biodegrad\u00e1vel, j\u00e1 existente na embalagem, voc\u00ea compra, fura a polpa e <i>voil\u00e0: <\/i>est\u00e1 pronta uma bebida saud\u00e1vel, pr\u00e1tica e refrescante.<\/p>\n<p>[\/vc_column_text]\r\n\t<div class=\"startflow-spacer clearfix\" data-desktop=\"60\" data-mobi=\"60\" data-smobi=\"60\"><\/div>[\/vc_column][\/vc_row][vc_row][vc_column]\r\n\t<div class=\"startflow-spacer clearfix\" data-desktop=\"40\" data-mobi=\"40\" data-smobi=\"40\"><\/div>[vc_row_inner][vc_column_inner width=&#8221;1\/2&#8243;][vc_single_image image=&#8221;13257&#8243;]\r\n\t<div class=\"startflow-spacer clearfix\" data-desktop=\"40\" data-mobi=\"30\" data-smobi=\"30\"><\/div><div class=\"startflow-single-heading clearfix \" style=\"margin-bottom:20px;\"><span class=\"inner\"><span class=\"heading clearfix  accent\" style=\"font-weight:700;font-size:24px;\">\r\n\t\tBenef\u00edcios: A capacidade altamente hidratante da \u00e1gua de coco\r\n\t<\/span><\/span><\/div>[vc_column_text]O corpo humano \u00e9 composto majoritariamente \u2013 cerca de 70% &#8211; por \u00e1gua e, todas as atividades metab\u00f3licas do organismo s\u00e3o dependentes da excelente hidrata\u00e7\u00e3o para manterem-se ativas. A desidrata\u00e7\u00e3o pode ocasionar doen\u00e7as e at\u00e9 a morte.<\/p>\n<p>Manter boa hidrata\u00e7\u00e3o \u00e9 especialmente importante aos praticantes de atividades f\u00edsicas, tanto rotineiras como de ocasi\u00e3o.<\/p>\n<p>Em pa\u00edses tropicais tamb\u00e9m, em que o ver\u00e3o chega a temperaturas muito elevadas, \u00e9 fundamental garantir constante ingest\u00e3o de l\u00edquidos. E, nada mais saboroso do que uma \u00e1gua de coco saud\u00e1vel e geladinha, pronta para ser consumida.[\/vc_column_text]\r\n\t<div class=\"startflow-spacer clearfix\" data-desktop=\"40\" data-mobi=\"30\" data-smobi=\"30\"><\/div>[\/vc_column_inner][vc_column_inner width=&#8221;1\/2&#8243;][vc_single_image image=&#8221;13256&#8243;]\r\n\t<div class=\"startflow-spacer clearfix\" data-desktop=\"40\" data-mobi=\"30\" data-smobi=\"30\"><\/div><div class=\"startflow-single-heading clearfix \" style=\"margin-bottom:20px;\"><span class=\"inner\"><span class=\"heading clearfix  accent\" style=\"font-weight:700;font-size:24px;\">\r\n\t\tCont\u00e9m 9 Minerais Essenciais \u00e0 vida\r\n\t<\/span><\/span><\/div>[vc_column_text]A composi\u00e7\u00e3o qu\u00edmica mineral da \u00e1gua de coco vem sendo estudada com afinco pela comunidade cient\u00edfica, nos \u00faltimos anos.<\/p>\n<p>Segundo descobertas, o coco tem quantidades adequadas de:<br \/>\n<strong>\u2022 Ferro:<\/strong> bom para o sangue. Previne contra anemias.<br \/>\n<strong>\u2022 Mangan\u00eas:<\/strong> ajuda na regula\u00e7\u00e3o hormonal e dos n\u00edveis de a\u00e7\u00facar no corpo.<br \/>\n<strong>\u2022 C\u00e1lcio:<\/strong> auxilia na manuten\u00e7\u00e3o dos ossos.<br \/>\n<strong>\u2022 Magn\u00e9sio:<\/strong> ajuda na absor\u00e7\u00e3o dos demais minerais.<br \/>\n<strong>\u2022 Zinco:<\/strong> manuten\u00e7\u00e3o do sistema neurol\u00f3gico.<br \/>\n<strong>\u2022 S\u00f3dio:<\/strong> regula\u00e7\u00e3o da quantidade de \u00e1gua das c\u00e9lulas. Em quantidades corretas, n\u00e3o ocasiona hipertens\u00e3o.<br \/>\n<strong>\u2022 F\u00f3sforo:<\/strong> muito importante para a manuten\u00e7\u00e3o saud\u00e1vel do cora\u00e7\u00e3o, dos rins, do f\u00edgado, na digest\u00e3o, dos ossos, do c\u00e9rebro e dos m\u00fasculos.<br \/>\n<strong>\u2022 Cobre:<\/strong> manuten\u00e7\u00e3o do t\u00f4nus da pele.<br \/>\n<strong>\u2022 Pot\u00e1ssio:<\/strong> ainda, a \u00e1gua de coco \u00e9 bastante rica em pot\u00e1ssio, o que se demonstra \u00fatil, novamente, aos praticantes de exerc\u00edcios f\u00edsicos, j\u00e1 que atua diretamente na composi\u00e7\u00e3o da musculatura.[\/vc_column_text]\r\n\t<div class=\"startflow-spacer clearfix\" data-desktop=\"40\" data-mobi=\"30\" data-smobi=\"30\"><\/div>[\/vc_column_inner][\/vc_row_inner]\r\n\t<div class=\"startflow-spacer clearfix\" data-desktop=\"25\" data-mobi=\"25\" data-smobi=\"25\"><\/div><div class=\"startflow-divider divider-center divider-solid\" style=\"border-top-color:#e7e7e7;\"><\/div><div class=\"clearfix\"><\/div>[\/vc_column][\/vc_row][vc_row][vc_column]\r\n\t<div class=\"startflow-spacer clearfix\" data-desktop=\"75\" data-mobi=\"60\" data-smobi=\"60\"><\/div>[vc_row_inner][vc_column_inner width=&#8221;1\/2&#8243;][vc_single_image image=&#8221;13254&#8243;]\r\n\t<div class=\"startflow-spacer clearfix\" data-desktop=\"40\" data-mobi=\"30\" data-smobi=\"30\"><\/div><div class=\"startflow-single-heading clearfix \" style=\"margin-bottom:20px;\"><span class=\"inner\"><span class=\"heading clearfix  accent\" style=\"font-weight:700;font-size:24px;\">\r\n\t\tBaixa Quantidade Cal\u00f3rica\r\n\t<\/span><\/span><\/div>[vc_column_text]Um copo de \u00e1gua de coco cont\u00e9m apenas 33 calorias. Deliciosa e docinha \u00e9 uma excelente alternativa a qualquer outra bebida no mercado atual.<\/p>\n<h6>Baixo Teor de S\u00f3dio:<\/h6>\n<p>Principalmente, a \u00e1gua de coco <i>in natura, <\/i>ou seja, aquela que \u00e9 natural e bebida diretamente do coco tem quantidades adequadas de s\u00f3dio. Ao contr\u00e1rio das \u00e1guas em caixinha, com a Edencoco o consumidor n\u00e3o precisa se preocupar com o desenvolvimento de doen\u00e7as graves, como a Hipertens\u00e3o Arterial.<\/p>\n<p>Inclusive, a ingest\u00e3o frequente de \u00e1gua de coco pode tamb\u00e9m diminuir em at\u00e9 71% a press\u00e3o arterial sist\u00f3lica.[\/vc_column_text]\r\n\t<div class=\"startflow-spacer clearfix\" data-desktop=\"40\" data-mobi=\"30\" data-smobi=\"30\"><\/div>[\/vc_column_inner][vc_column_inner width=&#8221;1\/2&#8243;][vc_single_image image=&#8221;13255&#8243;]\r\n\t<div class=\"startflow-spacer clearfix\" data-desktop=\"40\" data-mobi=\"30\" data-smobi=\"30\"><\/div><div class=\"startflow-single-heading clearfix \" style=\"margin-bottom:20px;\"><span class=\"inner\"><span class=\"heading clearfix  accent\" style=\"font-weight:700;font-size:24px;\">\r\n\t\tAcelera o metabolismo\r\n\t<\/span><\/span><\/div>[vc_column_text]A \u00e1gua de coco \u00e9 um termog\u00eanico natural. Ela possui enzimas bioativas que auxiliam na quebra de gordura e impedem que novas c\u00e9lulas de gordura se formem.<\/p>\n<h6>Gl\u00faten Free:<\/h6>\n<p>Uma dieta livre de gl\u00faten j\u00e1 \u00e9 reconhecida pela comunidade cient\u00edfica como mais ben\u00e9fica e saud\u00e1vel a qualquer pessoa, n\u00e3o apenas \u00e0quelas que s\u00e3o acometidas pela doen\u00e7a cel\u00edaca. A prote\u00edna vegetal que comp\u00f5e o gl\u00faten \u00e9 de dif\u00edcil digest\u00e3o pelo organismo humano. Est\u00e1 presente na maior parte dos alimentos \u00e0 base de trigo, cevada e centeio e pode ocasionar desde inc\u00f4modos imediatos, alergias at\u00e9 problemas mais graves de sa\u00fade.<\/p>\n<p>Dentre os benef\u00edcios do consumo de alimentos sem gl\u00faten est\u00e3o: combate \u00e0 obesidade; preven\u00e7\u00e3o de osteoporose; redu\u00e7\u00e3o dos processos inflamat\u00f3rios e melhora na digest\u00e3o, auxiliando, inclusive, pessoas com problemas de constipa\u00e7\u00e3o ou sensibilidade ao componente.[\/vc_column_text]\r\n\t<div class=\"startflow-spacer clearfix\" data-desktop=\"40\" data-mobi=\"30\" data-smobi=\"30\"><\/div>[\/vc_column_inner][\/vc_row_inner]\r\n\t<div class=\"startflow-spacer clearfix\" data-desktop=\"30\" data-mobi=\"30\" data-smobi=\"30\"><\/div><div class=\"startflow-divider divider-center divider-solid\" style=\"border-top-color:#e7e7e7;\"><\/div><div class=\"clearfix\"><\/div>[\/vc_column][\/vc_row][vc_row css=&#8221;.vc_custom_1578999965800{background-image: url(http:\/\/rmth.ch\/site\/wp-content\/uploads\/2019\/11\/bg-contato-home.jpg?id=13120) !important;background-position: center !important;background-repeat: no-repeat !important;background-size: cover !important;}&#8221; el_id=&#8221;orcamento&#8221;][vc_column]\r\n\t<div class=\"startflow-spacer clearfix\" data-desktop=\"100\" data-mobi=\"60\" data-smobi=\"60\"><\/div>[vc_row_inner][vc_column_inner width=&#8221;1\/2&#8243;]<div class=\"startflow-content-box clearfix \" data-padding=\"60px 60px 70px\" data-mobipadding=\"50px 60px 70px\" data-margin=\"\" data-mobimargin=\"\" >\r\n\t\t<div class=\"inner ctb-723872766\" style=\"\"  data-background=\"#ffffff\" data-rounded=\"8px\">\r\n\t\t\t<div class=\"startflow-headings clearfix text-center\" data-font=28 style=\"\"><h2 class=\"heading clearfix \" style=\"margin-bottom:25px;font-size:28px;\">\r\n\t\tENTRE EM CONTATO\r\n\t<\/h2><p class=\"sub-heading clearfix\" style=\"font-style:normal;font-size:14px;line-height:22px;max-width:410px;margin-left: auto; margin-right: auto;\">\r\n\t\tTrabalhamos com empresas parceiras e corpora\u00e7\u00f5es em diversos lugares do mundo. Como podemos te ajudar?\r\n\t<\/p><\/div>\r\n\t<div class=\"startflow-spacer clearfix\" data-desktop=\"43\" data-mobi=\"30\" data-smobi=\"30\"><\/div>\n<div class=\"wpcf7 no-js\" id=\"wpcf7-f4437-o1\" lang=\"en-US\" dir=\"ltr\">\n<div class=\"screen-reader-response\"><p role=\"status\" aria-live=\"polite\" aria-atomic=\"true\"><\/p> <ul><\/ul><\/div>\n<form action=\"\/site\/wp-json\/wp\/v2\/pages\/13240#wpcf7-f4437-o1\" method=\"post\" class=\"wpcf7-form init\" aria-label=\"Contact form\" novalidate=\"novalidate\" data-status=\"init\">\n<div style=\"display: none;\">\n<input type=\"hidden\" name=\"_wpcf7\" value=\"4437\" \/>\n<input type=\"hidden\" name=\"_wpcf7_version\" value=\"5.7.6\" \/>\n<input type=\"hidden\" name=\"_wpcf7_locale\" value=\"en_US\" \/>\n<input type=\"hidden\" name=\"_wpcf7_unit_tag\" value=\"wpcf7-f4437-o1\" \/>\n<input type=\"hidden\" name=\"_wpcf7_container_post\" value=\"0\" \/>\n<input type=\"hidden\" name=\"_wpcf7_posted_data_hash\" value=\"\" \/>\n<input type=\"hidden\" name=\"_wpcf7_recaptcha_response\" value=\"\" \/>\n<\/div>\n<div class=\"cf7-style-1 button-center\">\n\t<div class=\"name-wrap\">\n\t\t<p><span class=\"wpcf7-form-control-wrap\" data-name=\"your-name\"><input size=\"40\" class=\"wpcf7-form-control wpcf7-text wpcf7-validates-as-required\" aria-required=\"true\" aria-invalid=\"false\" placeholder=\"Nome\" value=\"\" type=\"text\" name=\"your-name\" \/><\/span>\n\t\t<\/p>\n\t<\/div>\n\t<div class=\"email-wrap\">\n\t\t<p><span class=\"wpcf7-form-control-wrap\" data-name=\"your-email\"><input size=\"40\" class=\"wpcf7-form-control wpcf7-text wpcf7-email wpcf7-validates-as-required wpcf7-validates-as-email\" aria-required=\"true\" aria-invalid=\"false\" placeholder=\"Email\" value=\"\" type=\"email\" name=\"your-email\" \/><\/span>\n\t\t<\/p>\n\t<\/div>\n\t<div class=\"name-wrap\">\n\t\t<p><span class=\"wpcf7-form-control-wrap\" data-name=\"your-subject\"><input size=\"40\" class=\"wpcf7-form-control wpcf7-text\" aria-invalid=\"false\" placeholder=\"Assunto\" value=\"\" type=\"text\" name=\"your-subject\" \/><\/span>\n\t\t<\/p>\n\t<\/div>\n\t<div class=\"message-wrap\">\n\t\t<p><span class=\"wpcf7-form-control-wrap\" data-name=\"your-message\"><textarea cols=\"40\" rows=\"10\" class=\"wpcf7-form-control wpcf7-textarea\" aria-invalid=\"false\" placeholder=\"Mensagem\" name=\"your-message\"><\/textarea><\/span>\n\t\t<\/p>\n\t<\/div>\n<span class=\"wpcf7-form-control-wrap recaptcha\" data-name=\"recaptcha\"><span data-sitekey=\"6Lc_mtoaAAAAAJYDgf8lnKva6_E0lX7_ybFAjORV\" data-align=\"center\" class=\"wpcf7-form-control g-recaptcha wpcf7-recaptcha\"><\/span>\r\n<noscript>\r\n\t<div class=\"grecaptcha-noscript\">\r\n\t\t<iframe src=\"https:\/\/www.google.com\/recaptcha\/api\/fallback?k=6Lc_mtoaAAAAAJYDgf8lnKva6_E0lX7_ybFAjORV\" frameborder=\"0\" scrolling=\"no\" width=\"310\" height=\"430\">\r\n\t\t<\/iframe>\r\n\t\t<textarea name=\"g-recaptcha-response\" rows=\"3\" cols=\"40\" placeholder=\"reCaptcha Response Here\">\r\n\t\t<\/textarea>\r\n\t<\/div>\r\n<\/noscript>\r\n<\/span>\n\t<div class=\"submit-wrap\">\n\t\t<p><span><input class=\"wpcf7-form-control has-spinner wpcf7-submit\" type=\"submit\" value=\"ENVIAR\" \/><\/span>\n\t\t<\/p>\n\t<\/div>\n<\/div><div class=\"wpcf7-response-output\" aria-hidden=\"true\"><\/div>\n<\/form>\n<\/div>\n\r\n\t\t<\/div>\r\n\t<\/div>[\/vc_column_inner][vc_column_inner width=&#8221;1\/2&#8243;][\/vc_column_inner][\/vc_row_inner]\r\n\t<div class=\"startflow-spacer clearfix\" data-desktop=\"100\" data-mobi=\"60\" data-smobi=\"60\"><\/div>[\/vc_column][\/vc_row]<\/p>\n","protected":false},"excerpt":{"rendered":"<p>[vc_row column_spacing=&#8221;60&#8243; el_id=&#8221;first-row&#8221;][vc_column width=&#8221;1\/2&#8243;][vc_column_text]Edencoco \u00e9 um produto 100% original, diferente de todos os outros porque vai direto da \u00e1rvore para sua boca. \u00c9 pensando em voc\u00ea e no desenvolvimento sustent\u00e1vel que a Edencoco seleciona os melhores produtores das fazendas de coqueiros-an\u00f5es do Brasil. Do Estado da Bahia, onde se localizam<\/p>\n","protected":false},"author":1,"featured_media":0,"parent":13178,"menu_order":0,"comment_status":"closed","ping_status":"closed","template":"","meta":[],"yoast_head":"<!-- This site is optimized with the Yoast SEO plugin v20.7 - https:\/\/yoast.com\/wordpress\/plugins\/seo\/ -->\n<title>EDENCOCO \u2022 RMTH \u2022 Produtos e Servi\u00e7os \u2022 Brasil \u2022 Su\u00ed\u00e7a<\/title>\n<meta name=\"description\" content=\"Edencoco \u00e9 um produto 100% original, diferente de todos os outros porque vai direto da \u00e1rvore para sua boca. \u00c9 pensando em voc\u00ea e no desenvolvimento...\" \/>\n<meta name=\"robots\" content=\"index, follow, max-snippet:-1, max-image-preview:large, max-video-preview:-1\" \/>\n<link rel=\"canonical\" href=\"https:\/\/rmth.ch\/site\/rmth-import-export\/edencoco\/\" \/>\n<meta property=\"og:locale\" content=\"en_US\" \/>\n<meta property=\"og:type\" content=\"article\" \/>\n<meta property=\"og:title\" content=\"EDENCOCO \u2022 RMTH \u2022 Produtos e Servi\u00e7os \u2022 Brasil \u2022 Su\u00ed\u00e7a\" \/>\n<meta property=\"og:description\" content=\"Edencoco \u00e9 um produto 100% original, diferente de todos os outros porque vai direto da \u00e1rvore para sua boca. \u00c9 pensando em voc\u00ea e no desenvolvimento...\" \/>\n<meta property=\"og:url\" content=\"https:\/\/rmth.ch\/site\/rmth-import-export\/edencoco\/\" \/>\n<meta property=\"og:site_name\" content=\"RMTH\" \/>\n<meta property=\"article:modified_time\" content=\"2022-03-10T16:25:51+00:00\" \/>\n<meta property=\"og:image\" content=\"http:\/\/rmth.ch\/site\/wp-content\/uploads\/2020\/01\/edencoco-foto-conceito.png\" \/>\n<meta name=\"twitter:card\" content=\"summary_large_image\" \/>\n<meta name=\"twitter:label1\" content=\"Est. reading time\" \/>\n\t<meta name=\"twitter:data1\" content=\"5 minutes\" \/>\n<script type=\"application\/ld+json\" class=\"yoast-schema-graph\">{\"@context\":\"https:\/\/schema.org\",\"@graph\":[{\"@type\":\"WebPage\",\"@id\":\"https:\/\/rmth.ch\/site\/rmth-import-export\/edencoco\/\",\"url\":\"https:\/\/rmth.ch\/site\/rmth-import-export\/edencoco\/\",\"name\":\"EDENCOCO \u2022 RMTH \u2022 Produtos e Servi\u00e7os \u2022 Brasil \u2022 Su\u00ed\u00e7a\",\"isPartOf\":{\"@id\":\"https:\/\/rmth.ch\/site\/#website\"},\"datePublished\":\"2019-12-09T19:18:38+00:00\",\"dateModified\":\"2022-03-10T16:25:51+00:00\",\"description\":\"Edencoco \u00e9 um produto 100% original, diferente de todos os outros porque vai direto da \u00e1rvore para sua boca. \u00c9 pensando em voc\u00ea e no desenvolvimento...\",\"breadcrumb\":{\"@id\":\"https:\/\/rmth.ch\/site\/rmth-import-export\/edencoco\/#breadcrumb\"},\"inLanguage\":\"en-US\",\"potentialAction\":[{\"@type\":\"ReadAction\",\"target\":[\"https:\/\/rmth.ch\/site\/rmth-import-export\/edencoco\/\"]}]},{\"@type\":\"BreadcrumbList\",\"@id\":\"https:\/\/rmth.ch\/site\/rmth-import-export\/edencoco\/#breadcrumb\",\"itemListElement\":[{\"@type\":\"ListItem\",\"position\":1,\"name\":\"Home\",\"item\":\"https:\/\/rmth.ch\/site\/\"},{\"@type\":\"ListItem\",\"position\":2,\"name\":\"RMTH IMPORT \/ EXPORT\",\"item\":\"https:\/\/rmth.ch\/site\/rmth-import-export\/\"},{\"@type\":\"ListItem\",\"position\":3,\"name\":\"EDENCOCO\"}]},{\"@type\":\"WebSite\",\"@id\":\"https:\/\/rmth.ch\/site\/#website\",\"url\":\"https:\/\/rmth.ch\/site\/\",\"name\":\"RMTH\",\"description\":\"Produtos e Servi\u00e7os \u2022 Brasil \u2022 Su\u00ed\u00e7a\",\"publisher\":{\"@id\":\"https:\/\/rmth.ch\/site\/#organization\"},\"potentialAction\":[{\"@type\":\"SearchAction\",\"target\":{\"@type\":\"EntryPoint\",\"urlTemplate\":\"https:\/\/rmth.ch\/site\/?s={search_term_string}\"},\"query-input\":\"required name=search_term_string\"}],\"inLanguage\":\"en-US\"},{\"@type\":\"Organization\",\"@id\":\"https:\/\/rmth.ch\/site\/#organization\",\"name\":\"RMTH\",\"url\":\"https:\/\/rmth.ch\/site\/\",\"logo\":{\"@type\":\"ImageObject\",\"inLanguage\":\"en-US\",\"@id\":\"https:\/\/rmth.ch\/site\/#\/schema\/logo\/image\/\",\"url\":\"https:\/\/rmth.ch\/site\/wp-content\/uploads\/2019\/11\/rmth-logo.png\",\"contentUrl\":\"https:\/\/rmth.ch\/site\/wp-content\/uploads\/2019\/11\/rmth-logo.png\",\"width\":280,\"height\":93,\"caption\":\"RMTH\"},\"image\":{\"@id\":\"https:\/\/rmth.ch\/site\/#\/schema\/logo\/image\/\"}}]}<\/script>\n<!-- \/ Yoast SEO plugin. -->","yoast_head_json":{"title":"EDENCOCO \u2022 RMTH \u2022 Produtos e Servi\u00e7os \u2022 Brasil \u2022 Su\u00ed\u00e7a","description":"Edencoco \u00e9 um produto 100% original, diferente de todos os outros porque vai direto da \u00e1rvore para sua boca. \u00c9 pensando em voc\u00ea e no desenvolvimento...","robots":{"index":"index","follow":"follow","max-snippet":"max-snippet:-1","max-image-preview":"max-image-preview:large","max-video-preview":"max-video-preview:-1"},"canonical":"https:\/\/rmth.ch\/site\/rmth-import-export\/edencoco\/","og_locale":"en_US","og_type":"article","og_title":"EDENCOCO \u2022 RMTH \u2022 Produtos e Servi\u00e7os \u2022 Brasil \u2022 Su\u00ed\u00e7a","og_description":"Edencoco \u00e9 um produto 100% original, diferente de todos os outros porque vai direto da \u00e1rvore para sua boca. \u00c9 pensando em voc\u00ea e no desenvolvimento...","og_url":"https:\/\/rmth.ch\/site\/rmth-import-export\/edencoco\/","og_site_name":"RMTH","article_modified_time":"2022-03-10T16:25:51+00:00","og_image":[{"url":"http:\/\/rmth.ch\/site\/wp-content\/uploads\/2020\/01\/edencoco-foto-conceito.png"}],"twitter_card":"summary_large_image","twitter_misc":{"Est. reading time":"5 minutes"},"schema":{"@context":"https:\/\/schema.org","@graph":[{"@type":"WebPage","@id":"https:\/\/rmth.ch\/site\/rmth-import-export\/edencoco\/","url":"https:\/\/rmth.ch\/site\/rmth-import-export\/edencoco\/","name":"EDENCOCO \u2022 RMTH \u2022 Produtos e Servi\u00e7os \u2022 Brasil \u2022 Su\u00ed\u00e7a","isPartOf":{"@id":"https:\/\/rmth.ch\/site\/#website"},"datePublished":"2019-12-09T19:18:38+00:00","dateModified":"2022-03-10T16:25:51+00:00","description":"Edencoco \u00e9 um produto 100% original, diferente de todos os outros porque vai direto da \u00e1rvore para sua boca. \u00c9 pensando em voc\u00ea e no desenvolvimento...","breadcrumb":{"@id":"https:\/\/rmth.ch\/site\/rmth-import-export\/edencoco\/#breadcrumb"},"inLanguage":"en-US","potentialAction":[{"@type":"ReadAction","target":["https:\/\/rmth.ch\/site\/rmth-import-export\/edencoco\/"]}]},{"@type":"BreadcrumbList","@id":"https:\/\/rmth.ch\/site\/rmth-import-export\/edencoco\/#breadcrumb","itemListElement":[{"@type":"ListItem","position":1,"name":"Home","item":"https:\/\/rmth.ch\/site\/"},{"@type":"ListItem","position":2,"name":"RMTH IMPORT \/ EXPORT","item":"https:\/\/rmth.ch\/site\/rmth-import-export\/"},{"@type":"ListItem","position":3,"name":"EDENCOCO"}]},{"@type":"WebSite","@id":"https:\/\/rmth.ch\/site\/#website","url":"https:\/\/rmth.ch\/site\/","name":"RMTH","description":"Produtos e Servi\u00e7os \u2022 Brasil \u2022 Su\u00ed\u00e7a","publisher":{"@id":"https:\/\/rmth.ch\/site\/#organization"},"potentialAction":[{"@type":"SearchAction","target":{"@type":"EntryPoint","urlTemplate":"https:\/\/rmth.ch\/site\/?s={search_term_string}"},"query-input":"required name=search_term_string"}],"inLanguage":"en-US"},{"@type":"Organization","@id":"https:\/\/rmth.ch\/site\/#organization","name":"RMTH","url":"https:\/\/rmth.ch\/site\/","logo":{"@type":"ImageObject","inLanguage":"en-US","@id":"https:\/\/rmth.ch\/site\/#\/schema\/logo\/image\/","url":"https:\/\/rmth.ch\/site\/wp-content\/uploads\/2019\/11\/rmth-logo.png","contentUrl":"https:\/\/rmth.ch\/site\/wp-content\/uploads\/2019\/11\/rmth-logo.png","width":280,"height":93,"caption":"RMTH"},"image":{"@id":"https:\/\/rmth.ch\/site\/#\/schema\/logo\/image\/"}}]}},"_links":{"self":[{"href":"https:\/\/rmth.ch\/site\/wp-json\/wp\/v2\/pages\/13240"}],"collection":[{"href":"https:\/\/rmth.ch\/site\/wp-json\/wp\/v2\/pages"}],"about":[{"href":"https:\/\/rmth.ch\/site\/wp-json\/wp\/v2\/types\/page"}],"author":[{"embeddable":true,"href":"https:\/\/rmth.ch\/site\/wp-json\/wp\/v2\/users\/1"}],"replies":[{"embeddable":true,"href":"https:\/\/rmth.ch\/site\/wp-json\/wp\/v2\/comments?post=13240"}],"version-history":[{"count":22,"href":"https:\/\/rmth.ch\/site\/wp-json\/wp\/v2\/pages\/13240\/revisions"}],"predecessor-version":[{"id":14107,"href":"https:\/\/rmth.ch\/site\/wp-json\/wp\/v2\/pages\/13240\/revisions\/14107"}],"up":[{"embeddable":true,"href":"https:\/\/rmth.ch\/site\/wp-json\/wp\/v2\/pages\/13178"}],"wp:attachment":[{"href":"https:\/\/rmth.ch\/site\/wp-json\/wp\/v2\/media?parent=13240"}],"curies":[{"name":"wp","href":"https:\/\/api.w.org\/{rel}","templated":true}]}}