{"id":13645,"date":"2020-02-18T18:33:37","date_gmt":"2020-02-18T18:33:37","guid":{"rendered":"https:\/\/rmth.ch\/site\/?page_id=13645"},"modified":"2022-03-10T16:24:19","modified_gmt":"2022-03-10T16:24:19","slug":"edencoco-de","status":"publish","type":"page","link":"https:\/\/rmth.ch\/site\/de\/rmth-import-export-de\/edencoco-de\/","title":{"rendered":"EDENCOCO DE"},"content":{"rendered":"<p>[vc_row column_spacing=&#8221;60&#8243; el_id=&#8221;first-row&#8221;][vc_column width=&#8221;1\/2&#8243;]\r\n\t<div class=\"startflow-spacer clearfix\" data-desktop=\"60\" data-mobi=\"60\" data-smobi=\"60\"><\/div><div class=\"startflow-single-heading clearfix \" style=\"margin-bottom:20px;\"><span class=\"inner\"><span class=\"heading clearfix  accent\" style=\"font-size:20px;\">\r\n\t\tEDENCOCO\r\n\t<\/span><\/span><\/div><div class=\"startflow-headings clearfix \"  style=\"\"><h2 class=\"heading clearfix \" style=\"margin-bottom:12px;\">\r\n\t\tDAS PRODUKT\r\n\t<\/h2><\/div>[vc_column_text]Edencoco ist ein 100% Originalprodukt.<\/p>\n<p>Edencoco denkt an Sie und an eine nachhaltige Entwicklung und w\u00e4hlt die besten Produzenten der brasilianischen Zwergkokosnussfarmen aus.<\/p>\n<p>Aus dem Bundesstaat Bahia, wo sich die gr\u00f6\u00dften gr\u00fcnen Kokosnussfarmen des Landes befinden, werden unsere Fr\u00fcchte nach den strengsten Parametern der Bew\u00e4sserung, des Kulturmanagements und der Pflanzengesundheit angebaut.<\/p>\n<p>Es ist eine Garantie f\u00fcr Qualit\u00e4t und Sicherheit f\u00fcr Ihre Gesundheit.[\/vc_column_text]\r\n\t<div class=\"startflow-spacer clearfix\" data-desktop=\"40\" data-mobi=\"30\" data-smobi=\"30\"><\/div><div class=\"startflow-align-box text-left\"><div class=\"button-wrap icon-right\" style=\"\" ><a href=\"#orcamento\" target=\"_self\" class=\"startflow-button btn-1618454662 medium no_icon custom custom\" style=\"margin:0px 10px 0px 0px;font-weight:700;border-radius:3px;\"  data-background=\"#4ea249\" data-text=\"#ffffff\" data-text-hover=\"#ffffff\" data-background-hover=\"#341617\">\r\n\t\t<span style=\"\">EIN ANGEBOT BEKOMMEN <\/span>\r\n\t<\/a><\/div><\/div>\r\n\t<div class=\"startflow-spacer clearfix\" data-desktop=\"50\" data-mobi=\"50\" data-smobi=\"50\"><\/div>[\/vc_column][vc_column width=&#8221;1\/2&#8243;]\r\n\t<div class=\"startflow-spacer clearfix\" data-desktop=\"60\" data-mobi=\"60\" data-smobi=\"60\"><\/div>[vc_column_text]<img decoding=\"async\" loading=\"lazy\" src=\"http:\/\/rmth.ch\/site\/wp-content\/uploads\/2020\/01\/edencoco-foto-conceito.png\" alt=\"\" width=\"496\" height=\"500\" class=\"alignnone wp-image-13448 size-full\" srcset=\"https:\/\/rmth.ch\/site\/wp-content\/uploads\/2020\/01\/edencoco-foto-conceito.png 496w, https:\/\/rmth.ch\/site\/wp-content\/uploads\/2020\/01\/edencoco-foto-conceito-298x300.png 298w, https:\/\/rmth.ch\/site\/wp-content\/uploads\/2020\/01\/edencoco-foto-conceito-150x150.png 150w, https:\/\/rmth.ch\/site\/wp-content\/uploads\/2020\/01\/edencoco-foto-conceito-140x140.png 140w, https:\/\/rmth.ch\/site\/wp-content\/uploads\/2020\/01\/edencoco-foto-conceito-100x100.png 100w\" sizes=\"(max-width: 496px) 100vw, 496px\" \/>[\/vc_column_text]\r\n\t<div class=\"startflow-spacer clearfix\" data-desktop=\"60\" data-mobi=\"60\" data-smobi=\"60\"><\/div>[\/vc_column][\/vc_row][vc_row css=&#8221;.vc_custom_1575981164384{background-color: #f4f4f4 !important;}&#8221;][vc_column]\r\n\t<div class=\"startflow-spacer clearfix\" data-desktop=\"60\" data-mobi=\"60\" data-smobi=\"60\"><\/div><div class=\"startflow-single-heading clearfix text-center\" style=\"margin-bottom:20px;\"><span class=\"inner\"><span class=\"heading clearfix  accent\" style=\"font-size:20px;\">\r\n\t\tEinfaches \u00d6ffnungssystem\r\n\t<\/span><\/span><\/div><div class=\"startflow-headings clearfix text-center\"  style=\"\"><h2 class=\"heading clearfix \" style=\"margin-bottom:12px;\">\r\n\t\tDie Praktikabilit\u00e4t der Dose mit den Vorteilen von Kokoswasser direkt aus der Quelle.\r\n\t<\/h2><\/div>[vc_column_text]<\/p>\n<p class=\"p1\" style=\"text-align: center;\">Die gro\u00dfe Innovation von Edencoco ist das pr\u00e4zise \u00d6ffnungssystem, mit dem die Fr\u00fcchte in ihrer nat\u00fcrlichen Verpackung gehandhabt werden k\u00f6nnen.<\/p>\n<p class=\"p1\" style=\"text-align: center;\">Dank eines bahnbrechenden Konstruktionsprozesses wird die maximale Menge an gr\u00fcner Kokosnussschale entfernt, w\u00e4hrend die Schutzfaserfolie erhalten bleibt. Diese Faser ist perforiert, um Platz f\u00fcr eine symmetrische \u00d6ffnung zu schaffen, die die Haut, nicht aber das Fruchtfleisch bricht.<\/p>\n<p class=\"p1\" style=\"text-align: center;\">Auf diese Weise ist es m\u00f6glich, Wasser \u00fcber einen langen Zeitraum zu konservieren, ohne dass chemische Substanzen zur Konservierung des Produkts verwendet werden m\u00fcssen.<\/p>\n<p class=\"p1\" style=\"text-align: center;\">Wir garantieren die Praktikabilit\u00e4t der Dose nur ohne die gleichen Gesundheitsrisiken.<\/p>\n<p class=\"p1\" style=\"text-align: center;\">Mit Hilfe unseres biologisch abbaubaren Strohhalms, der bereits in der Verpackung enthalten ist, kaufen Sie das Fruchtfleisch und die Voil\u00e0: Ein gesundes, praktisches und erfrischendes Getr\u00e4nk ist fertig.<\/p>\n<p>[\/vc_column_text]\r\n\t<div class=\"startflow-spacer clearfix\" data-desktop=\"60\" data-mobi=\"60\" data-smobi=\"60\"><\/div>[\/vc_column][\/vc_row][vc_row][vc_column]\r\n\t<div class=\"startflow-spacer clearfix\" data-desktop=\"40\" data-mobi=\"40\" data-smobi=\"40\"><\/div>[vc_row_inner][vc_column_inner width=&#8221;1\/2&#8243;][vc_single_image image=&#8221;13257&#8243;]\r\n\t<div class=\"startflow-spacer clearfix\" data-desktop=\"40\" data-mobi=\"30\" data-smobi=\"30\"><\/div><div class=\"startflow-single-heading clearfix \" style=\"margin-bottom:20px;\"><span class=\"inner\"><span class=\"heading clearfix  accent\" style=\"font-weight:700;font-size:24px;\">\r\n\t\tVorteile: Die stark feuchtigkeitsspendende Wirkung von Kokoswasser\r\n\t<\/span><\/span><\/div>[vc_column_text]Der menschliche K\u00f6rper besteht haupts\u00e4chlich &#8211; etwa 70% &#8211; aus Wasser und alle Stoffwechselaktivit\u00e4ten des K\u00f6rpers h\u00e4ngen von einer hervorragenden Fl\u00fcssigkeitszufuhr ab, um aktiv zu bleiben. Dehydration kann Krankheit und sogar Tod verursachen.<\/p>\n<p>Die Aufrechterhaltung einer guten Fl\u00fcssigkeitszufuhr ist besonders wichtig f\u00fcr Praktiker k\u00f6rperlicher Aktivit\u00e4ten, sowohl routinem\u00e4\u00dfig als auch gelegentlich.<\/p>\n<p>Auch in tropischen L\u00e4ndern, in denen der Sommer sehr hohe Temperaturen erreicht, ist eine konstante Fl\u00fcssigkeitsaufnahme unerl\u00e4sslich. Und nichts ist schmackhafter als ein gesundes und kaltes Kokoswasser, das zum Verzehr bereit ist.[\/vc_column_text]\r\n\t<div class=\"startflow-spacer clearfix\" data-desktop=\"40\" data-mobi=\"30\" data-smobi=\"30\"><\/div>[\/vc_column_inner][vc_column_inner width=&#8221;1\/2&#8243;][vc_single_image image=&#8221;13256&#8243;]\r\n\t<div class=\"startflow-spacer clearfix\" data-desktop=\"40\" data-mobi=\"30\" data-smobi=\"30\"><\/div><div class=\"startflow-single-heading clearfix \" style=\"margin-bottom:20px;\"><span class=\"inner\"><span class=\"heading clearfix  accent\" style=\"font-weight:700;font-size:24px;\">\r\n\t\tEnth\u00e4lt 9 lebenswichtige Mineralien\r\n\t<\/span><\/span><\/div>[vc_column_text]Die mineralische chemische Zusammensetzung von Kokosnusswasser wurde in den letzten Jahren von der wissenschaftlichen Gemeinschaft eingehend untersucht.<\/p>\n<p>Nach den Erkenntnissen hat die Kokosnuss ausreichende Mengen an:<br \/>\n<strong>\u2022 Eisen:<\/strong> gut f\u00fcr Blut. Verhindert An\u00e4mie.<br \/>\n<strong>\u2022 Mangan:<\/strong> Hilft bei der Regulierung des Hormon- und Zuckergehalts im K\u00f6rper.<br \/>\n<strong>\u2022 Kalzium:<\/strong> Hilft bei der Erhaltung der Knochen.<br \/>\n<strong>\u2022 Magnesium:<\/strong> Hilft bei der Aufnahme anderer Mineralien.<br \/>\n<strong>\u2022 Zink:<\/strong> Aufrechterhaltung des neurologischen Systems.<br \/>\n<strong>\u2022 Natrium:<\/strong> Regulierung der Wassermenge in den Zellen. In der richtigen Menge verursacht es keinen Bluthochdruck.<br \/>\n<strong>\u2022 Phosphor:<\/strong> sehr wichtig f\u00fcr die gesunde Erhaltung von Herz, Nieren, Leber, Verdauung, Knochen, Gehirn und Muskeln.<br \/>\n<strong>\u2022 Kupfer:<\/strong> Aufrechterhaltung des Hauttonus.<br \/>\n<strong>\u2022 Kalium:<\/strong> Kokoswasser ist auch sehr reich an Kalium, was sich f\u00fcr Praktiker von k\u00f6rperlichen \u00dcbungen als n\u00fctzlich erweist, da es direkt auf die Zusammensetzung der Muskeln einwirkt.[\/vc_column_text]\r\n\t<div class=\"startflow-spacer clearfix\" data-desktop=\"40\" data-mobi=\"30\" data-smobi=\"30\"><\/div>[\/vc_column_inner][\/vc_row_inner]\r\n\t<div class=\"startflow-spacer clearfix\" data-desktop=\"25\" data-mobi=\"25\" data-smobi=\"25\"><\/div><div class=\"startflow-divider divider-center divider-solid\" style=\"border-top-color:#e7e7e7;\"><\/div><div class=\"clearfix\"><\/div>[\/vc_column][\/vc_row][vc_row][vc_column]\r\n\t<div class=\"startflow-spacer clearfix\" data-desktop=\"75\" data-mobi=\"60\" data-smobi=\"60\"><\/div>[vc_row_inner][vc_column_inner width=&#8221;1\/2&#8243;][vc_single_image image=&#8221;13254&#8243;]\r\n\t<div class=\"startflow-spacer clearfix\" data-desktop=\"40\" data-mobi=\"30\" data-smobi=\"30\"><\/div><div class=\"startflow-single-heading clearfix \" style=\"margin-bottom:20px;\"><span class=\"inner\"><span class=\"heading clearfix  accent\" style=\"font-weight:700;font-size:24px;\">\r\n\t\tNiedrige Kalorienmenge\r\n\t<\/span><\/span><\/div>[vc_column_text]Ein Glas Kokoswasser enth\u00e4lt nur 33 Kalorien. K\u00f6stlich und s\u00fc\u00df ist eine ausgezeichnete Alternative zu jedem anderen Getr\u00e4nk auf dem aktuellen Markt.<\/p>\n<h6>Niedriger Natriumgehalt:<\/h6>\n<p>Haupts\u00e4chlich frisches Kokoswasser, dh Wasser, das nat\u00fcrlich ist und direkt aus Kokosnuss getrunken wird, enth\u00e4lt ausreichende Mengen an Natrium. Im Gegensatz zu Boxw\u00e4ssern muss sich der Verbraucher bei Edencoco keine Sorgen um die Entwicklung schwerwiegender Krankheiten wie arterieller Hypertonie machen.<\/p>\n<p>Tats\u00e4chlich kann die h\u00e4ufige Einnahme von Kokoswasser auch den systolischen Blutdruck um bis zu 71% senken.[\/vc_column_text]\r\n\t<div class=\"startflow-spacer clearfix\" data-desktop=\"40\" data-mobi=\"30\" data-smobi=\"30\"><\/div>[\/vc_column_inner][vc_column_inner width=&#8221;1\/2&#8243;][vc_single_image image=&#8221;13255&#8243;]\r\n\t<div class=\"startflow-spacer clearfix\" data-desktop=\"40\" data-mobi=\"30\" data-smobi=\"30\"><\/div><div class=\"startflow-single-heading clearfix \" style=\"margin-bottom:20px;\"><span class=\"inner\"><span class=\"heading clearfix  accent\" style=\"font-weight:700;font-size:24px;\">\r\n\t\tBeschleunigt den Stoffwechsel\r\n\t<\/span><\/span><\/div>[vc_column_text]Kokoswasser ist ein nat\u00fcrliches thermogenes. Es enth\u00e4lt bioaktive Enzyme, die helfen, Fett abzubauen und die Bildung neuer Fettzellen zu verhindern.<\/p>\n<h6>Gluten-frei:<\/h6>\n<p>Eine glutenfreie Ern\u00e4hrung wird von der wissenschaftlichen Gemeinschaft bereits als die vorteilhafteste und ges\u00fcndeste f\u00fcr jeden anerkannt, nicht nur f\u00fcr diejenigen, die von Z\u00f6liakie betroffen sind. Das pflanzliche Protein, aus dem Gluten besteht, ist f\u00fcr den menschlichen K\u00f6rper schwer verdaulich. Es ist in den meisten Lebensmitteln auf der Basis von Weizen, Gerste und Roggen enthalten und kann sofort zu Beschwerden und Allergien gegen schwerwiegendere Gesundheitsprobleme f\u00fchren.<\/p>\n<p>Zu den Vorteilen des Verzehrs glutenfreier Lebensmittel geh\u00f6ren: Bek\u00e4mpfung von Fettleibigkeit; Pr\u00e4vention von Osteoporose; Reduzierung von Entz\u00fcndungsprozessen und Verbesserung der Verdauung, um auch Menschen mit Problemen zu helfen.[\/vc_column_text]\r\n\t<div class=\"startflow-spacer clearfix\" data-desktop=\"40\" data-mobi=\"30\" data-smobi=\"30\"><\/div>[\/vc_column_inner][\/vc_row_inner]\r\n\t<div class=\"startflow-spacer clearfix\" data-desktop=\"30\" data-mobi=\"30\" data-smobi=\"30\"><\/div><div class=\"startflow-divider divider-center divider-solid\" style=\"border-top-color:#e7e7e7;\"><\/div><div class=\"clearfix\"><\/div>[\/vc_column][\/vc_row][vc_row css=&#8221;.vc_custom_1575980339731{background-position: center !important;background-repeat: no-repeat !important;background-size: cover !important;}&#8221;][vc_column]\r\n\t<div class=\"startflow-spacer clearfix\" data-desktop=\"60\" data-mobi=\"30\" data-smobi=\"30\"><\/div><div class=\"startflow-headings clearfix text-center\"  style=\"\"><h2 class=\"heading clearfix \" style=\"margin-bottom:12px;\">\r\n\t\tVERKAUFSPUNKTE\r\n\t<\/h2><\/div>\r\n\t<div class=\"startflow-spacer clearfix\" data-desktop=\"60\" data-mobi=\"30\" data-smobi=\"30\"><\/div>[vc_column_text]<iframe loading=\"lazy\" width=\"100%\" height=\"450\" style=\"border: 0;\" src=\"https:\/\/www.google.com\/maps\/embed?pb=!1m18!1m12!1m3!1d21629.26496911326!2d8.850780389043793!3d47.34054774802947!2m3!1f0!2f0!3f0!3m2!1i1024!2i768!4f13.1!3m3!1m2!1s0x479ab8d5300fda61%3A0xe901f335129041c1!2sB%C3%A4retswil%2C%20Switzerland!5e0!3m2!1sen!2sbr!4v1575980392339!5m2!1sen!2sbr\" frameborder=\"0\" allowfullscreen=\"allowfullscreen\"><\/iframe>[\/vc_column_text]\r\n\t<div class=\"startflow-spacer clearfix\" data-desktop=\"60\" data-mobi=\"30\" data-smobi=\"30\"><\/div>[\/vc_column][\/vc_row][vc_row css=&#8221;.vc_custom_1578999965800{background-image: url(http:\/\/rmth.ch\/site\/wp-content\/uploads\/2019\/11\/bg-contato-home.jpg?id=13120) !important;background-position: center !important;background-repeat: no-repeat !important;background-size: cover !important;}&#8221; el_id=&#8221;orcamento&#8221;][vc_column]\r\n\t<div class=\"startflow-spacer clearfix\" data-desktop=\"100\" data-mobi=\"60\" data-smobi=\"60\"><\/div>[vc_row_inner][vc_column_inner width=&#8221;1\/2&#8243;]<div class=\"startflow-content-box clearfix \" data-padding=\"60px 60px 70px\" data-mobipadding=\"50px 60px 70px\" data-margin=\"\" data-mobimargin=\"\" >\r\n\t\t<div class=\"inner ctb-1069974522\" style=\"\"  data-background=\"#ffffff\" data-rounded=\"8px\">\r\n\t\t\t<div class=\"startflow-headings clearfix text-center\" data-font=28 style=\"\"><h2 class=\"heading clearfix \" style=\"margin-bottom:25px;font-size:28px;\">\r\n\t\tFordern Sie ein Angebot an\r\n\t<\/h2><p class=\"sub-heading clearfix\" style=\"font-style:normal;font-size:14px;line-height:22px;max-width:410px;margin-left: auto; margin-right: auto;\">\r\n\t\tWir arbeiten mit Partnerunternehmen und Konzernen auf der ganzen Welt zusammen. Wie k\u00f6nnen wir Ihnen helfen?\r\n\t<\/p><\/div>\r\n\t<div class=\"startflow-spacer clearfix\" data-desktop=\"43\" data-mobi=\"30\" data-smobi=\"30\"><\/div>\n<div class=\"wpcf7 no-js\" id=\"wpcf7-f13657-o1\" lang=\"en-US\" dir=\"ltr\">\n<div class=\"screen-reader-response\"><p role=\"status\" aria-live=\"polite\" aria-atomic=\"true\"><\/p> <ul><\/ul><\/div>\n<form action=\"\/site\/wp-json\/wp\/v2\/pages\/13645#wpcf7-f13657-o1\" method=\"post\" class=\"wpcf7-form init\" aria-label=\"Contact form\" novalidate=\"novalidate\" data-status=\"init\">\n<div style=\"display: none;\">\n<input type=\"hidden\" name=\"_wpcf7\" value=\"13657\" \/>\n<input type=\"hidden\" name=\"_wpcf7_version\" value=\"5.7.6\" \/>\n<input type=\"hidden\" name=\"_wpcf7_locale\" value=\"en_US\" \/>\n<input type=\"hidden\" name=\"_wpcf7_unit_tag\" value=\"wpcf7-f13657-o1\" \/>\n<input type=\"hidden\" name=\"_wpcf7_container_post\" value=\"0\" \/>\n<input type=\"hidden\" name=\"_wpcf7_posted_data_hash\" value=\"\" \/>\n<input type=\"hidden\" name=\"_wpcf7_recaptcha_response\" value=\"\" \/>\n<\/div>\n<div class=\"cf7-style-1 button-center\">\n\t<div class=\"name-wrap\">\n\t\t<p><span class=\"wpcf7-form-control-wrap\" data-name=\"your-name\"><input size=\"40\" class=\"wpcf7-form-control wpcf7-text wpcf7-validates-as-required\" aria-required=\"true\" aria-invalid=\"false\" placeholder=\"Name\" value=\"\" type=\"text\" name=\"your-name\" \/><\/span>\n\t\t<\/p>\n\t<\/div>\n\t<div class=\"email-wrap\">\n\t\t<p><span class=\"wpcf7-form-control-wrap\" data-name=\"your-email\"><input size=\"40\" class=\"wpcf7-form-control wpcf7-text wpcf7-email wpcf7-validates-as-required wpcf7-validates-as-email\" aria-required=\"true\" aria-invalid=\"false\" placeholder=\"Email\" value=\"\" type=\"email\" name=\"your-email\" \/><\/span>\n\t\t<\/p>\n\t<\/div>\n\t<div class=\"name-wrap\">\n\t\t<p><span class=\"wpcf7-form-control-wrap\" data-name=\"your-subject\"><input size=\"40\" class=\"wpcf7-form-control wpcf7-text\" aria-invalid=\"false\" placeholder=\"Gegenstand\" value=\"\" type=\"text\" name=\"your-subject\" \/><\/span>\n\t\t<\/p>\n\t<\/div>\n\t<div class=\"message-wrap\">\n\t\t<p><span class=\"wpcf7-form-control-wrap\" data-name=\"your-message\"><textarea cols=\"40\" rows=\"10\" class=\"wpcf7-form-control wpcf7-textarea\" aria-invalid=\"false\" placeholder=\"Botschaft\" name=\"your-message\"><\/textarea><\/span>\n\t\t<\/p>\n\t<\/div>\n<span class=\"wpcf7-form-control-wrap recaptcha\" data-name=\"recaptcha\"><span data-sitekey=\"6Lc_mtoaAAAAAJYDgf8lnKva6_E0lX7_ybFAjORV\" data-align=\"center\" class=\"wpcf7-form-control g-recaptcha wpcf7-recaptcha\"><\/span>\r\n<noscript>\r\n\t<div class=\"grecaptcha-noscript\">\r\n\t\t<iframe src=\"https:\/\/www.google.com\/recaptcha\/api\/fallback?k=6Lc_mtoaAAAAAJYDgf8lnKva6_E0lX7_ybFAjORV\" frameborder=\"0\" scrolling=\"no\" width=\"310\" height=\"430\">\r\n\t\t<\/iframe>\r\n\t\t<textarea name=\"g-recaptcha-response\" rows=\"3\" cols=\"40\" placeholder=\"reCaptcha Response Here\">\r\n\t\t<\/textarea>\r\n\t<\/div>\r\n<\/noscript>\r\n<\/span>\n\t<div class=\"submit-wrap\">\n\t\t<p><span><input class=\"wpcf7-form-control has-spinner wpcf7-submit\" type=\"submit\" value=\"SENDEN\" \/><\/span>\n\t\t<\/p>\n\t<\/div>\n<\/div><div class=\"wpcf7-response-output\" aria-hidden=\"true\"><\/div>\n<\/form>\n<\/div>\n\r\n\t\t<\/div>\r\n\t<\/div>[\/vc_column_inner][vc_column_inner width=&#8221;1\/2&#8243;][\/vc_column_inner][\/vc_row_inner]\r\n\t<div class=\"startflow-spacer clearfix\" data-desktop=\"100\" data-mobi=\"60\" data-smobi=\"60\"><\/div>[\/vc_column][\/vc_row]<\/p>\n","protected":false},"excerpt":{"rendered":"<p>[vc_row column_spacing=&#8221;60&#8243; el_id=&#8221;first-row&#8221;][vc_column width=&#8221;1\/2&#8243;][vc_column_text]Edencoco ist ein 100% Originalprodukt. Edencoco denkt an Sie und an eine nachhaltige Entwicklung und w\u00e4hlt die besten Produzenten der brasilianischen Zwergkokosnussfarmen aus. Aus dem Bundesstaat Bahia, wo sich die gr\u00f6\u00dften gr\u00fcnen Kokosnussfarmen des Landes befinden, werden unsere Fr\u00fcchte nach den strengsten Parametern der Bew\u00e4sserung, des Kulturmanagements<\/p>\n","protected":false},"author":1,"featured_media":0,"parent":13584,"menu_order":0,"comment_status":"closed","ping_status":"closed","template":"","meta":[],"yoast_head":"<!-- This site is optimized with the Yoast SEO plugin v20.7 - https:\/\/yoast.com\/wordpress\/plugins\/seo\/ -->\n<title>EDENCOCO DE &bull; RMTH<\/title>\n<meta name=\"robots\" content=\"index, follow, max-snippet:-1, max-image-preview:large, max-video-preview:-1\" \/>\n<link rel=\"canonical\" href=\"https:\/\/rmth.ch\/site\/de\/rmth-import-export-de\/edencoco-de\/\" \/>\n<meta property=\"og:locale\" content=\"en_US\" \/>\n<meta property=\"og:type\" content=\"article\" \/>\n<meta property=\"og:title\" content=\"EDENCOCO DE &bull; RMTH\" \/>\n<meta property=\"og:description\" content=\"[vc_row column_spacing=&#8221;60&#8243; el_id=&#8221;first-row&#8221;][vc_column width=&#8221;1\/2&#8243;][vc_column_text]Edencoco ist ein 100% Originalprodukt. Edencoco denkt an Sie und an eine nachhaltige Entwicklung und w\u00e4hlt die besten Produzenten der brasilianischen Zwergkokosnussfarmen aus. Aus dem Bundesstaat Bahia, wo sich die gr\u00f6\u00dften gr\u00fcnen Kokosnussfarmen des Landes befinden, werden unsere Fr\u00fcchte nach den strengsten Parametern der Bew\u00e4sserung, des Kulturmanagements\" \/>\n<meta property=\"og:url\" content=\"https:\/\/rmth.ch\/site\/de\/rmth-import-export-de\/edencoco-de\/\" \/>\n<meta property=\"og:site_name\" content=\"RMTH\" \/>\n<meta property=\"article:modified_time\" content=\"2022-03-10T16:24:19+00:00\" \/>\n<meta property=\"og:image\" content=\"http:\/\/rmth.ch\/site\/wp-content\/uploads\/2020\/01\/edencoco-foto-conceito.png\" \/>\n<meta name=\"twitter:card\" content=\"summary_large_image\" \/>\n<meta name=\"twitter:label1\" content=\"Est. reading time\" \/>\n\t<meta name=\"twitter:data1\" content=\"7 minutes\" \/>\n<script type=\"application\/ld+json\" class=\"yoast-schema-graph\">{\"@context\":\"https:\/\/schema.org\",\"@graph\":[{\"@type\":\"WebPage\",\"@id\":\"https:\/\/rmth.ch\/site\/de\/rmth-import-export-de\/edencoco-de\/\",\"url\":\"https:\/\/rmth.ch\/site\/de\/rmth-import-export-de\/edencoco-de\/\",\"name\":\"EDENCOCO DE &bull; RMTH\",\"isPartOf\":{\"@id\":\"https:\/\/rmth.ch\/site\/#website\"},\"datePublished\":\"2020-02-18T18:33:37+00:00\",\"dateModified\":\"2022-03-10T16:24:19+00:00\",\"breadcrumb\":{\"@id\":\"https:\/\/rmth.ch\/site\/de\/rmth-import-export-de\/edencoco-de\/#breadcrumb\"},\"inLanguage\":\"en-US\",\"potentialAction\":[{\"@type\":\"ReadAction\",\"target\":[\"https:\/\/rmth.ch\/site\/de\/rmth-import-export-de\/edencoco-de\/\"]}]},{\"@type\":\"BreadcrumbList\",\"@id\":\"https:\/\/rmth.ch\/site\/de\/rmth-import-export-de\/edencoco-de\/#breadcrumb\",\"itemListElement\":[{\"@type\":\"ListItem\",\"position\":1,\"name\":\"Home\",\"item\":\"https:\/\/rmth.ch\/site\/\"},{\"@type\":\"ListItem\",\"position\":2,\"name\":\"RMTH IMPORT \/ EXPORT DE\",\"item\":\"https:\/\/rmth.ch\/site\/de\/rmth-import-export-de\/\"},{\"@type\":\"ListItem\",\"position\":3,\"name\":\"EDENCOCO DE\"}]},{\"@type\":\"WebSite\",\"@id\":\"https:\/\/rmth.ch\/site\/#website\",\"url\":\"https:\/\/rmth.ch\/site\/\",\"name\":\"RMTH\",\"description\":\"Produtos e Servi\u00e7os \u2022 Brasil \u2022 Su\u00ed\u00e7a\",\"publisher\":{\"@id\":\"https:\/\/rmth.ch\/site\/#organization\"},\"potentialAction\":[{\"@type\":\"SearchAction\",\"target\":{\"@type\":\"EntryPoint\",\"urlTemplate\":\"https:\/\/rmth.ch\/site\/?s={search_term_string}\"},\"query-input\":\"required name=search_term_string\"}],\"inLanguage\":\"en-US\"},{\"@type\":\"Organization\",\"@id\":\"https:\/\/rmth.ch\/site\/#organization\",\"name\":\"RMTH\",\"url\":\"https:\/\/rmth.ch\/site\/\",\"logo\":{\"@type\":\"ImageObject\",\"inLanguage\":\"en-US\",\"@id\":\"https:\/\/rmth.ch\/site\/#\/schema\/logo\/image\/\",\"url\":\"https:\/\/rmth.ch\/site\/wp-content\/uploads\/2019\/11\/rmth-logo.png\",\"contentUrl\":\"https:\/\/rmth.ch\/site\/wp-content\/uploads\/2019\/11\/rmth-logo.png\",\"width\":280,\"height\":93,\"caption\":\"RMTH\"},\"image\":{\"@id\":\"https:\/\/rmth.ch\/site\/#\/schema\/logo\/image\/\"}}]}<\/script>\n<!-- \/ Yoast SEO plugin. -->","yoast_head_json":{"title":"EDENCOCO DE &bull; RMTH","robots":{"index":"index","follow":"follow","max-snippet":"max-snippet:-1","max-image-preview":"max-image-preview:large","max-video-preview":"max-video-preview:-1"},"canonical":"https:\/\/rmth.ch\/site\/de\/rmth-import-export-de\/edencoco-de\/","og_locale":"en_US","og_type":"article","og_title":"EDENCOCO DE &bull; RMTH","og_description":"[vc_row column_spacing=&#8221;60&#8243; el_id=&#8221;first-row&#8221;][vc_column width=&#8221;1\/2&#8243;][vc_column_text]Edencoco ist ein 100% Originalprodukt. Edencoco denkt an Sie und an eine nachhaltige Entwicklung und w\u00e4hlt die besten Produzenten der brasilianischen Zwergkokosnussfarmen aus. Aus dem Bundesstaat Bahia, wo sich die gr\u00f6\u00dften gr\u00fcnen Kokosnussfarmen des Landes befinden, werden unsere Fr\u00fcchte nach den strengsten Parametern der Bew\u00e4sserung, des Kulturmanagements","og_url":"https:\/\/rmth.ch\/site\/de\/rmth-import-export-de\/edencoco-de\/","og_site_name":"RMTH","article_modified_time":"2022-03-10T16:24:19+00:00","og_image":[{"url":"http:\/\/rmth.ch\/site\/wp-content\/uploads\/2020\/01\/edencoco-foto-conceito.png"}],"twitter_card":"summary_large_image","twitter_misc":{"Est. reading time":"7 minutes"},"schema":{"@context":"https:\/\/schema.org","@graph":[{"@type":"WebPage","@id":"https:\/\/rmth.ch\/site\/de\/rmth-import-export-de\/edencoco-de\/","url":"https:\/\/rmth.ch\/site\/de\/rmth-import-export-de\/edencoco-de\/","name":"EDENCOCO DE &bull; RMTH","isPartOf":{"@id":"https:\/\/rmth.ch\/site\/#website"},"datePublished":"2020-02-18T18:33:37+00:00","dateModified":"2022-03-10T16:24:19+00:00","breadcrumb":{"@id":"https:\/\/rmth.ch\/site\/de\/rmth-import-export-de\/edencoco-de\/#breadcrumb"},"inLanguage":"en-US","potentialAction":[{"@type":"ReadAction","target":["https:\/\/rmth.ch\/site\/de\/rmth-import-export-de\/edencoco-de\/"]}]},{"@type":"BreadcrumbList","@id":"https:\/\/rmth.ch\/site\/de\/rmth-import-export-de\/edencoco-de\/#breadcrumb","itemListElement":[{"@type":"ListItem","position":1,"name":"Home","item":"https:\/\/rmth.ch\/site\/"},{"@type":"ListItem","position":2,"name":"RMTH IMPORT \/ EXPORT DE","item":"https:\/\/rmth.ch\/site\/de\/rmth-import-export-de\/"},{"@type":"ListItem","position":3,"name":"EDENCOCO DE"}]},{"@type":"WebSite","@id":"https:\/\/rmth.ch\/site\/#website","url":"https:\/\/rmth.ch\/site\/","name":"RMTH","description":"Produtos e Servi\u00e7os \u2022 Brasil \u2022 Su\u00ed\u00e7a","publisher":{"@id":"https:\/\/rmth.ch\/site\/#organization"},"potentialAction":[{"@type":"SearchAction","target":{"@type":"EntryPoint","urlTemplate":"https:\/\/rmth.ch\/site\/?s={search_term_string}"},"query-input":"required name=search_term_string"}],"inLanguage":"en-US"},{"@type":"Organization","@id":"https:\/\/rmth.ch\/site\/#organization","name":"RMTH","url":"https:\/\/rmth.ch\/site\/","logo":{"@type":"ImageObject","inLanguage":"en-US","@id":"https:\/\/rmth.ch\/site\/#\/schema\/logo\/image\/","url":"https:\/\/rmth.ch\/site\/wp-content\/uploads\/2019\/11\/rmth-logo.png","contentUrl":"https:\/\/rmth.ch\/site\/wp-content\/uploads\/2019\/11\/rmth-logo.png","width":280,"height":93,"caption":"RMTH"},"image":{"@id":"https:\/\/rmth.ch\/site\/#\/schema\/logo\/image\/"}}]}},"_links":{"self":[{"href":"https:\/\/rmth.ch\/site\/wp-json\/wp\/v2\/pages\/13645"}],"collection":[{"href":"https:\/\/rmth.ch\/site\/wp-json\/wp\/v2\/pages"}],"about":[{"href":"https:\/\/rmth.ch\/site\/wp-json\/wp\/v2\/types\/page"}],"author":[{"embeddable":true,"href":"https:\/\/rmth.ch\/site\/wp-json\/wp\/v2\/users\/1"}],"replies":[{"embeddable":true,"href":"https:\/\/rmth.ch\/site\/wp-json\/wp\/v2\/comments?post=13645"}],"version-history":[{"count":8,"href":"https:\/\/rmth.ch\/site\/wp-json\/wp\/v2\/pages\/13645\/revisions"}],"predecessor-version":[{"id":14105,"href":"https:\/\/rmth.ch\/site\/wp-json\/wp\/v2\/pages\/13645\/revisions\/14105"}],"up":[{"embeddable":true,"href":"https:\/\/rmth.ch\/site\/wp-json\/wp\/v2\/pages\/13584"}],"wp:attachment":[{"href":"https:\/\/rmth.ch\/site\/wp-json\/wp\/v2\/media?parent=13645"}],"curies":[{"name":"wp","href":"https:\/\/api.w.org\/{rel}","templated":true}]}}